{"id":11,"date":"2024-06-06T17:56:43","date_gmt":"2024-06-06T17:56:43","guid":{"rendered":"https:\/\/brwiusta.pl\/?page_id=11"},"modified":"2024-06-29T12:57:04","modified_gmt":"2024-06-29T12:57:04","slug":"strona-glowna","status":"publish","type":"page","link":"https:\/\/brwiusta.pl\/index.php\/strona-glowna\/","title":{"rendered":"Witamy w Salonie VOIL\u00c0"},"content":{"rendered":"\n<p>Czy marzysz o idealnie podkre\u015blonych brwiach, perfekcyjnie zarysowanych ustach czy ol\u015bniewaj\u0105cym makija\u017cu na wyj\u0105tkowe okazje? Nasz Salon Pi\u0119kna to miejsce, gdzie spe\u0142niaj\u0105 si\u0119 te marzenia!<\/p>\n\n\n\n<h3 class=\"wp-block-heading\">Magiczne Dotkni\u0119cie Pi\u0119kna<\/h3>\n\n\n\n<p>W naszym salonie specjalizujemy si\u0119 w makija\u017cu permanentnym brwi i ust, kt\u00f3ry podkre\u015bli Twoje naturalne pi\u0119kno i doda pewno\u015bci siebie na co dzie\u0144. Dzi\u0119ki nowoczesnym technikom i starannie dobranym pigmentom, stworzymy dla Ciebie efekt, o jakim zawsze marzy\u0142a\u015b. Twoje brwi b\u0119d\u0105 perfekcyjnie wymodelowane, a usta pe\u0142ne i wyraziste \u2013 ka\u017cdego dnia, bez konieczno\u015bci codziennego poprawiania makija\u017cu.<\/p>\n\n\n<div class=\"wp-block-image is-style-rounded\">\n<figure class=\"aligncenter size-large is-resized\"><img loading=\"lazy\" decoding=\"async\" width=\"1024\" height=\"768\" src=\"http:\/\/brwiusta.pl\/wp-content\/uploads\/2024\/06\/image2-1-1024x768.jpeg\" alt=\"\" class=\"wp-image-64\" style=\"width:649px;height:auto\" srcset=\"https:\/\/brwiusta.pl\/wp-content\/uploads\/2024\/06\/image2-1-1024x768.jpeg 1024w, https:\/\/brwiusta.pl\/wp-content\/uploads\/2024\/06\/image2-1-300x225.jpeg 300w, https:\/\/brwiusta.pl\/wp-content\/uploads\/2024\/06\/image2-1-768x576.jpeg 768w, https:\/\/brwiusta.pl\/wp-content\/uploads\/2024\/06\/image2-1-1536x1152.jpeg 1536w, https:\/\/brwiusta.pl\/wp-content\/uploads\/2024\/06\/image2-1-2048x1536.jpeg 2048w, https:\/\/brwiusta.pl\/wp-content\/uploads\/2024\/06\/image2-1-80x60.jpeg 80w, https:\/\/brwiusta.pl\/wp-content\/uploads\/2024\/06\/image2-1-640x480.jpeg 640w, https:\/\/brwiusta.pl\/wp-content\/uploads\/2024\/06\/image2-1-110x83.jpeg 110w\" sizes=\"auto, (max-width: 1024px) 100vw, 1024px\" \/><\/figure>\n<\/div>\n\n\n<h3 class=\"wp-block-heading\">Makija\u017c Okoliczno\u015bciowy \u2013 Blask Na Ka\u017cd\u0105 Okazj\u0119<\/h3>\n\n\n\n<p>Czy czeka Ci\u0119 wa\u017cne wydarzenie, romantyczna randka, elegancki bankiet lub niezapomniane wesele? Nasz profesjonalny makija\u017c okoliczno\u015bciowy sprawi, \u017ce poczujesz si\u0119 jak gwiazda. Dostosujemy makija\u017c do Twojej urody, stylu i okazji, aby\u015b mog\u0142a ol\u015bniewa\u0107 i zachwyca\u0107 wszystkich wok\u00f3\u0142. Nasza kreatywno\u015b\u0107 i do\u015bwiadczenie gwarantuj\u0105, \u017ce Tw\u00f3j wygl\u0105d b\u0119dzie niepowtarzalny i wyj\u0105tkowy.<\/p>\n\n\n\n<h3 class=\"wp-block-heading\">Dlaczego My?<\/h3>\n\n\n\n<p>Ka\u017cda z naszych klientek jest wyj\u0105tkowa, dlatego ka\u017cda us\u0142uga jest dostosowana do Twoich indywidualnych potrzeb i oczekiwa\u0144. Dbamy o najwy\u017csz\u0105 jako\u015b\u0107 us\u0142ug, komfort i zadowolenie naszych klientek. Pracujemy tylko na najlepszych produktach, a nasze techniki s\u0105 zgodne z najnowszymi trendami w \u015bwiecie makija\u017cu.<\/p>\n\n\n\n<p>Zapraszamy do naszego Salonu Pi\u0119kna \u2013 miejsca, gdzie Twoje marzenia o idealnym wygl\u0105dzie staj\u0105 si\u0119 rzeczywisto\u015bci\u0105. Oddaj si\u0119 w r\u0119ce naszych ekspert\u00f3w i pozw\u00f3l, by\u015bmy podkre\u015blili Twoje naturalne pi\u0119kno, dodaj\u0105c Ci blasku i pewno\u015bci siebie.<\/p>\n\n\n\n<p>Czekamy na Ciebie z u\u015bmiechem i pasj\u0105 do tworzenia pi\u0119kna!<\/p>\n\n\n<div class=\"wp-block-image is-style-rounded\">\n<figure class=\"aligncenter size-large is-resized\"><img loading=\"lazy\" decoding=\"async\" width=\"1024\" height=\"768\" src=\"http:\/\/brwiusta.pl\/wp-content\/uploads\/2024\/06\/image6-1024x768.jpeg\" alt=\"\" class=\"wp-image-67\" style=\"width:621px;height:auto\" srcset=\"https:\/\/brwiusta.pl\/wp-content\/uploads\/2024\/06\/image6-1024x768.jpeg 1024w, https:\/\/brwiusta.pl\/wp-content\/uploads\/2024\/06\/image6-300x225.jpeg 300w, https:\/\/brwiusta.pl\/wp-content\/uploads\/2024\/06\/image6-768x576.jpeg 768w, https:\/\/brwiusta.pl\/wp-content\/uploads\/2024\/06\/image6-1536x1152.jpeg 1536w, https:\/\/brwiusta.pl\/wp-content\/uploads\/2024\/06\/image6-2048x1536.jpeg 2048w, https:\/\/brwiusta.pl\/wp-content\/uploads\/2024\/06\/image6-80x60.jpeg 80w, https:\/\/brwiusta.pl\/wp-content\/uploads\/2024\/06\/image6-640x480.jpeg 640w, https:\/\/brwiusta.pl\/wp-content\/uploads\/2024\/06\/image6-110x83.jpeg 110w\" sizes=\"auto, (max-width: 1024px) 100vw, 1024px\" \/><\/figure>\n<\/div>","protected":false},"excerpt":{"rendered":"<p>Czy marzysz o idealnie podkre\u015blonych brwiach, perfekcyjnie zarysowanych ustach czy ol\u015bniewaj\u0105cym makija\u017cu na wyj\u0105tkowe okazje? Nasz Salon Pi\u0119kna to miejsce, gdzie spe\u0142niaj\u0105 si\u0119 te marzenia! Magiczne Dotkni\u0119cie Pi\u0119kna W naszym &hellip; <\/p>\n","protected":false},"author":1,"featured_media":159,"parent":0,"menu_order":0,"comment_status":"closed","ping_status":"closed","template":"","meta":{"footnotes":""},"class_list":["post-11","page","type-page","status-publish","has-post-thumbnail","hentry"],"_links":{"self":[{"href":"https:\/\/brwiusta.pl\/index.php\/wp-json\/wp\/v2\/pages\/11","targetHints":{"allow":["GET"]}}],"collection":[{"href":"https:\/\/brwiusta.pl\/index.php\/wp-json\/wp\/v2\/pages"}],"about":[{"href":"https:\/\/brwiusta.pl\/index.php\/wp-json\/wp\/v2\/types\/page"}],"author":[{"embeddable":true,"href":"https:\/\/brwiusta.pl\/index.php\/wp-json\/wp\/v2\/users\/1"}],"replies":[{"embeddable":true,"href":"https:\/\/brwiusta.pl\/index.php\/wp-json\/wp\/v2\/comments?post=11"}],"version-history":[{"count":7,"href":"https:\/\/brwiusta.pl\/index.php\/wp-json\/wp\/v2\/pages\/11\/revisions"}],"predecessor-version":[{"id":177,"href":"https:\/\/brwiusta.pl\/index.php\/wp-json\/wp\/v2\/pages\/11\/revisions\/177"}],"wp:featuredmedia":[{"embeddable":true,"href":"https:\/\/brwiusta.pl\/index.php\/wp-json\/wp\/v2\/media\/159"}],"wp:attachment":[{"href":"https:\/\/brwiusta.pl\/index.php\/wp-json\/wp\/v2\/media?parent=11"}],"curies":[{"name":"wp","href":"https:\/\/api.w.org\/{rel}","templated":true}]}}