{"id":133,"date":"2024-06-28T12:21:21","date_gmt":"2024-06-28T12:21:21","guid":{"rendered":"https:\/\/brwiusta.pl\/?page_id=133"},"modified":"2024-06-28T12:23:44","modified_gmt":"2024-06-28T12:23:44","slug":"przeciwwskazania-do-wykonania-makijazu-permanentnego-brwi-lub-ust","status":"publish","type":"page","link":"https:\/\/brwiusta.pl\/index.php\/przeciwwskazania-do-wykonania-makijazu-permanentnego-brwi-lub-ust\/","title":{"rendered":"Przeciwwskazania do wykonania makija\u017cu permanentnego brwi lub ust"},"content":{"rendered":"\n<p>Makija\u017c permanentny brwi, cho\u0107 jest popularnym zabiegiem kosmetycznym, podobnie, jak ka\u017cdy zabieg kosmetyczny, nie jest odpowiedni dla wszystkich. Istnieje kilka przeciwwskaza\u0144, kt\u00f3re mog\u0105 uniemo\u017cliwi\u0107 przeprowadzenie tego zabiegu. Oto najwa\u017cniejsze z nich:<\/p>\n\n\n\n<ol class=\"wp-block-list\">\n<li>Ci\u0105\u017ca i karmienie piersi\u0105: W okresie ci\u0105\u017cy i karmienia piersi\u0105 zaleca si\u0119 unikanie makija\u017cu permanentnego ze wzgl\u0119du na ryzyko zwi\u0105zane z reakcj\u0105 organizmu i u\u017cywanymi pigmentami.<\/li>\n\n\n\n<li>Choroby sk\u00f3ry: Osoby z aktywnymi chorobami sk\u00f3ry, takimi jak \u0142uszczyca, atopowe zapalenie sk\u00f3ry, egzema, tr\u0105dzik r\u00f3\u017cowaty czy infekcje sk\u00f3ry w okolicy brwi, powinny unika\u0107 zabiegu do czasu wyleczenia tych schorze\u0144. Przeciwwskazaniem do zabiegu, cho\u0107 nie bezwzgl\u0119dnym, jest r\u00f3wnie\u017c bielactwo. W \u0142agodnym i \u015brednim przebiegu wymienionych chor\u00f3b sk\u00f3rnych, mo\u017cna wykona\u0107 zabieg.<\/li>\n\n\n\n<li>Cukrzyca: Niekontrolowana cukrzyca mo\u017ce wp\u0142ywa\u0107 na proces gojenia si\u0119 sk\u00f3ry i zwi\u0119ksza\u0107 ryzyko infekcji. Osoby z cukrzyc\u0105 powinny skonsultowa\u0107 si\u0119 z lekarzem przed zabiegiem. Je\u017celi cukrzyca jest ustabilizowana, to nie stanowi przeciwwskazania do wykonania zabiegu.<\/li>\n\n\n\n<li>Choroby autoimmunologiczne: Osoby cierpi\u0105ce na choroby autoimmunologiczne, takie jak tocze\u0144, mog\u0105 mie\u0107 zwi\u0119kszone ryzyko reakcji alergicznych i problem\u00f3w z gojeniem.<\/li>\n\n\n\n<li>Przyjmowanie lek\u00f3w rozrzedzaj\u0105cych krew, immunosupresyjnych i sterydowych: Leki takie jak aspiryna, ibuprofen, warfaryna, czy inne antykoagulanty mog\u0105 zwi\u0119ksza\u0107 ryzyko krwawienia i siniak\u00f3w podczas zabiegu. Warto skonsultowa\u0107 si\u0119 z lekarzem w sprawie ewentualnego odstawienia tych lek\u00f3w przed zabiegiem. Zabieg mo\u017cna wykona\u0107 co najmniej po trzech miesi\u0105cach od odstawienia lek\u00f3w.<\/li>\n\n\n\n<li>Alergie na pigmenty: Osoby, kt\u00f3re maj\u0105 alergie na barwniki lub pigmenty stosowane w makija\u017cu permanentnym, powinny unika\u0107 tego zabiegu.<\/li>\n\n\n\n<li>Aktywne infekcje: Jakiekolwiek aktywne infekcje bakteryjne, wirusowe lub grzybicze \u2013 jak aktywna opryszczka, czy \u0142uszczyca w fazie aktywnej &#8211; w okolicy brwi s\u0105 przeciwwskazaniem do zabiegu. Zabieg pigmentacji mo\u017cliwy jest do wykonania dopiero dwa tygodnie od ca\u0142kowitego wygojenia.<\/li>\n\n\n\n<li>Chemioterapia i radioterapia: Osoby poddawane terapii przeciwnowotworowej powinny unika\u0107 makija\u017cu permanentnego, poniewa\u017c ich uk\u0142ad odporno\u015bciowy mo\u017ce by\u0107 os\u0142abiony, co zwi\u0119ksza ryzyko infekcji i powik\u0142a\u0144.<\/li>\n\n\n\n<li>Choroby serca: Niekt\u00f3re choroby serca i zwi\u0105zane z nimi leki mog\u0105 by\u0107 przeciwwskazaniem do zabiegu. Osoby z problemami kardiologicznymi powinny skonsultowa\u0107 si\u0119 z lekarzem.<\/li>\n\n\n\n<li>Bliznowacenie przerostowe i keloidy: Osoby maj\u0105ce sk\u0142onno\u015b\u0107 do tworzenia bliznowc\u00f3w lub blizn przerostowych powinny unika\u0107 makija\u017cu permanentnego, poniewa\u017c istnieje ryzyko powstania nieestetycznych blizn.<\/li>\n\n\n\n<li>Epilepsja: Osoby z epilepsj\u0105 powinny skonsultowa\u0107 si\u0119 z lekarzem przed zabiegiem, poniewa\u017c stres zwi\u0105zany z zabiegiem mo\u017ce wywo\u0142a\u0107 napad.<\/li>\n\n\n\n<li>Choroby krwi: Osoby z chorobami krwi, jak hemofilia, kt\u00f3re wp\u0142ywaj\u0105 na krzepliwo\u015b\u0107, powinny unika\u0107 zabiegu lub skonsultowa\u0107 si\u0119 z lekarzem przed jego wykonaniem.<\/li>\n\n\n\n<li>Przyjmowanie antybiotyk\u00f3w: zabieg mo\u017cna wykona\u0107 dwa tygodnie po przyj\u0119ciu ostatniej dawki.<\/li>\n\n\n\n<li>\u017b\u00f3\u0142taczka.<\/li>\n\n\n\n<li>HIV.<\/li>\n\n\n\n<li>\u015awie\u017ce blizny w miejscu pigmentacji.<\/li>\n\n\n\n<li>Korzystanie z zabieg\u00f3w medycyny estetycznej: w przypadku wype\u0142nienia ust, zabieg makija\u017cu permanentnego ust, mo\u017cna wykona\u0107 co najmniej po trzech miesi\u0105cach, a w przypadku botoksu \u2013 po miesi\u0105cu.<\/li>\n\n\n\n<li>Infekcje, podwy\u017cszona temperatura cia\u0142a.<\/li>\n\n\n\n<li>Znamiona, naczyniaki, plamy, pieprzyki i inne zmiany sk\u00f3rne znajduj\u0105ce si\u0119 w miejscach potencjalnej pigmentacji.<\/li>\n\n\n\n<li>Nadpobudliwo\u015b\u0107 nerwowa, stany l\u0119kowe, depresja, zaburzenia emocjonalne, choroby psychiczne.<\/li>\n<\/ol>\n","protected":false},"excerpt":{"rendered":"<p>Makija\u017c permanentny brwi, cho\u0107 jest popularnym zabiegiem kosmetycznym, podobnie, jak ka\u017cdy zabieg kosmetyczny, nie jest odpowiedni dla wszystkich. Istnieje kilka przeciwwskaza\u0144, kt\u00f3re mog\u0105 uniemo\u017cliwi\u0107 przeprowadzenie tego zabiegu. Oto najwa\u017cniejsze z &hellip; <\/p>\n","protected":false},"author":1,"featured_media":0,"parent":0,"menu_order":0,"comment_status":"closed","ping_status":"closed","template":"","meta":{"footnotes":""},"class_list":["post-133","page","type-page","status-publish","hentry"],"_links":{"self":[{"href":"https:\/\/brwiusta.pl\/index.php\/wp-json\/wp\/v2\/pages\/133","targetHints":{"allow":["GET"]}}],"collection":[{"href":"https:\/\/brwiusta.pl\/index.php\/wp-json\/wp\/v2\/pages"}],"about":[{"href":"https:\/\/brwiusta.pl\/index.php\/wp-json\/wp\/v2\/types\/page"}],"author":[{"embeddable":true,"href":"https:\/\/brwiusta.pl\/index.php\/wp-json\/wp\/v2\/users\/1"}],"replies":[{"embeddable":true,"href":"https:\/\/brwiusta.pl\/index.php\/wp-json\/wp\/v2\/comments?post=133"}],"version-history":[{"count":2,"href":"https:\/\/brwiusta.pl\/index.php\/wp-json\/wp\/v2\/pages\/133\/revisions"}],"predecessor-version":[{"id":136,"href":"https:\/\/brwiusta.pl\/index.php\/wp-json\/wp\/v2\/pages\/133\/revisions\/136"}],"wp:attachment":[{"href":"https:\/\/brwiusta.pl\/index.php\/wp-json\/wp\/v2\/media?parent=133"}],"curies":[{"name":"wp","href":"https:\/\/api.w.org\/{rel}","templated":true}]}}