{"id":22,"date":"2024-06-06T18:12:18","date_gmt":"2024-06-06T18:12:18","guid":{"rendered":"https:\/\/brwiusta.pl\/?page_id=22"},"modified":"2024-06-26T19:03:20","modified_gmt":"2024-06-26T19:03:20","slug":"po-zabiegu-wazne-informacje","status":"publish","type":"page","link":"https:\/\/brwiusta.pl\/index.php\/po-zabiegu-wazne-informacje\/","title":{"rendered":"Po zabiegu &#8211; wa\u017cne informacje"},"content":{"rendered":"\n<p>NATURALNE REAKCJE ORGANIZMU NA ZABIEG MAKIJA\u017bU PERMANENTNEGO<\/p>\n\n\n\n<p>&#8211; s\u0105 to reakcje do\u015b\u0107 cz\u0119ste, kt\u00f3re jednak ust\u0119puj\u0105 dosy\u0107 szybko &#8211; od kilu godzin do tygodnia od wykonania zabiegu<\/p>\n\n\n\n<ul class=\"wp-block-list\">\n<li>B\u00f3l w okolicy pigmentacji<\/li>\n\n\n\n<li>Obrz\u0119k<\/li>\n\n\n\n<li>Odczyn zapalny<\/li>\n\n\n\n<li>Rumie\u0144<\/li>\n\n\n\n<li>Krwiak<\/li>\n\n\n\n<li>Wysi\u0119k osocza<\/li>\n\n\n\n<li>Strupki<\/li>\n\n\n\n<li>\u015awi\u0105d w trakcie gojenia<\/li>\n\n\n\n<li>Bledni\u0119cie pigmentu<\/li>\n\n\n\n<li>Zasinienie<\/li>\n<\/ul>\n","protected":false},"excerpt":{"rendered":"<p>NATURALNE REAKCJE ORGANIZMU NA ZABIEG MAKIJA\u017bU PERMANENTNEGO &#8211; s\u0105 to reakcje do\u015b\u0107 cz\u0119ste, kt\u00f3re jednak ust\u0119puj\u0105 dosy\u0107 szybko &#8211; od kilu godzin do tygodnia od wykonania zabiegu<\/p>\n","protected":false},"author":1,"featured_media":0,"parent":0,"menu_order":0,"comment_status":"closed","ping_status":"closed","template":"","meta":{"footnotes":""},"class_list":["post-22","page","type-page","status-publish","hentry"],"_links":{"self":[{"href":"https:\/\/brwiusta.pl\/index.php\/wp-json\/wp\/v2\/pages\/22","targetHints":{"allow":["GET"]}}],"collection":[{"href":"https:\/\/brwiusta.pl\/index.php\/wp-json\/wp\/v2\/pages"}],"about":[{"href":"https:\/\/brwiusta.pl\/index.php\/wp-json\/wp\/v2\/types\/page"}],"author":[{"embeddable":true,"href":"https:\/\/brwiusta.pl\/index.php\/wp-json\/wp\/v2\/users\/1"}],"replies":[{"embeddable":true,"href":"https:\/\/brwiusta.pl\/index.php\/wp-json\/wp\/v2\/comments?post=22"}],"version-history":[{"count":2,"href":"https:\/\/brwiusta.pl\/index.php\/wp-json\/wp\/v2\/pages\/22\/revisions"}],"predecessor-version":[{"id":123,"href":"https:\/\/brwiusta.pl\/index.php\/wp-json\/wp\/v2\/pages\/22\/revisions\/123"}],"wp:attachment":[{"href":"https:\/\/brwiusta.pl\/index.php\/wp-json\/wp\/v2\/media?parent=22"}],"curies":[{"name":"wp","href":"https:\/\/api.w.org\/{rel}","templated":true}]}}