{"id":35,"date":"2024-06-06T18:32:19","date_gmt":"2024-06-06T18:32:19","guid":{"rendered":"https:\/\/brwiusta.pl\/?page_id=35"},"modified":"2024-06-08T11:38:41","modified_gmt":"2024-06-08T11:38:41","slug":"umow-wizyte","status":"publish","type":"page","link":"https:\/\/brwiusta.pl\/index.php\/umow-wizyte\/","title":{"rendered":"Um\u00f3w wizyt\u0119"},"content":{"rendered":"<div class=\"wpforms-container wpforms-container-full wpforms-block wpforms-block-bec405cf-3dfd-4d64-a55f-1a48e9f3bdc0 wpforms-render-modern\" id=\"wpforms-29\"><form id=\"wpforms-form-29\" class=\"wpforms-validate wpforms-form wpforms-ajax-form\" data-formid=\"29\" method=\"post\" enctype=\"multipart\/form-data\" action=\"\/index.php\/wp-json\/wp\/v2\/pages\/35\" data-token=\"3f097f74ce5132657e8eb20a3b867fc1\" data-token-time=\"1776816402\"><noscript class=\"wpforms-error-noscript\">Aby wype\u0142ni\u0107 ten formularz, w\u0142\u0105cz obs\u0142ug\u0119 JavaScript w przegl\u0105darce.<\/noscript><div id=\"wpforms-error-noscript\" style=\"display: none;\">Aby wype\u0142ni\u0107 ten formularz, w\u0142\u0105cz obs\u0142ug\u0119 JavaScript w przegl\u0105darce.<\/div><div class=\"wpforms-field-container\"><div id=\"wpforms-29-field_1-container\" class=\"wpforms-field wpforms-field-name\" data-field-id=\"1\"><fieldset><legend class=\"wpforms-field-label\">Imi\u0119 i nazwisko <span class=\"wpforms-required-label\" aria-hidden=\"true\">*<\/span><\/legend><div class=\"wpforms-field-row wpforms-field-large\"><div class=\"wpforms-field-row-block wpforms-first wpforms-one-half\"><input type=\"text\" id=\"wpforms-29-field_1\" class=\"wpforms-field-name-first wpforms-field-required\" name=\"wpforms[fields][1][first]\" aria-errormessage=\"wpforms-29-field_1-error\" required><label for=\"wpforms-29-field_1\" class=\"wpforms-field-sublabel after\">Pierwszy<\/label><\/div><div class=\"wpforms-field-row-block wpforms-one-half\"><input type=\"text\" id=\"wpforms-29-field_1-last\" class=\"wpforms-field-name-last wpforms-field-required\" name=\"wpforms[fields][1][last]\" aria-errormessage=\"wpforms-29-field_1-last-error\" required><label for=\"wpforms-29-field_1-last\" class=\"wpforms-field-sublabel after\">Ostatni<\/label><\/div><\/div><\/fieldset><\/div><div id=\"wpforms-29-field_4-container\" class=\"wpforms-field wpforms-field-email\" data-field-id=\"4\"><label class=\"wpforms-field-label\" for=\"wpforms-29-field_4\">Email <span class=\"wpforms-required-label\" aria-hidden=\"true\">*<\/span><\/label><input type=\"email\" id=\"wpforms-29-field_4\" class=\"wpforms-field-medium wpforms-field-required\" name=\"wpforms[fields][4]\" spellcheck=\"false\" aria-errormessage=\"wpforms-29-field_4-error\" required><\/div><div id=\"wpforms-29-field_6-container\" class=\"wpforms-field wpforms-field-text\" data-field-id=\"6\"><label class=\"wpforms-field-label\" for=\"wpforms-29-field_6\">Nr telefonu <span class=\"wpforms-required-label\" aria-hidden=\"true\">*<\/span><\/label><input type=\"text\" id=\"wpforms-29-field_6\" class=\"wpforms-field-medium wpforms-field-required\" name=\"wpforms[fields][6]\" aria-errormessage=\"wpforms-29-field_6-error\" required><\/div><div id=\"wpforms-29-field_13-container\" class=\"wpforms-field wpforms-field-radio wpforms-list-2-columns\" data-field-id=\"13\"><fieldset><legend class=\"wpforms-field-label\">Jaka us\u0142uga?<\/legend><ul id=\"wpforms-29-field_13\"><li class=\"choice-1 depth-1\"><input type=\"radio\" id=\"wpforms-29-field_13_1\" name=\"wpforms[fields][13]\" value=\"Makija\u017c permanentny brwi\" aria-errormessage=\"wpforms-29-field_13_1-error\"  ><label class=\"wpforms-field-label-inline\" for=\"wpforms-29-field_13_1\">Makija\u017c permanentny brwi<\/label><\/li><li class=\"choice-2 depth-1\"><input type=\"radio\" id=\"wpforms-29-field_13_2\" name=\"wpforms[fields][13]\" value=\"Makija\u017c permanentny ust\" aria-errormessage=\"wpforms-29-field_13_2-error\"  ><label class=\"wpforms-field-label-inline\" for=\"wpforms-29-field_13_2\">Makija\u017c permanentny ust<\/label><\/li><li class=\"choice-3 depth-1\"><input type=\"radio\" id=\"wpforms-29-field_13_3\" name=\"wpforms[fields][13]\" value=\"Makija\u017c permanentny brwi i ust\" aria-errormessage=\"wpforms-29-field_13_3-error\"  ><label class=\"wpforms-field-label-inline\" for=\"wpforms-29-field_13_3\">Makija\u017c permanentny brwi i ust<\/label><\/li><li class=\"choice-4 depth-1\"><input type=\"radio\" id=\"wpforms-29-field_13_4\" name=\"wpforms[fields][13]\" value=\"Makija\u017c okoliczno\u015bciowy\" aria-errormessage=\"wpforms-29-field_13_4-error\"  ><label class=\"wpforms-field-label-inline\" for=\"wpforms-29-field_13_4\">Makija\u017c okoliczno\u015bciowy<\/label><\/li><li class=\"choice-5 depth-1\"><input type=\"radio\" id=\"wpforms-29-field_13_5\" name=\"wpforms[fields][13]\" value=\"Henna brwi\" aria-errormessage=\"wpforms-29-field_13_5-error\"  ><label class=\"wpforms-field-label-inline\" for=\"wpforms-29-field_13_5\">Henna brwi<\/label><\/li><li class=\"choice-6 depth-1\"><input type=\"radio\" id=\"wpforms-29-field_13_6\" name=\"wpforms[fields][13]\" value=\"Inne us\u0142ugi\" aria-errormessage=\"wpforms-29-field_13_6-error\"  ><label class=\"wpforms-field-label-inline\" for=\"wpforms-29-field_13_6\">Inne us\u0142ugi<\/label><\/li><\/ul><\/fieldset><\/div><div id=\"wpforms-29-field_14-container\" class=\"wpforms-field wpforms-field-textarea\" data-field-id=\"14\"><label class=\"wpforms-field-label\" for=\"wpforms-29-field_14\">Prosz\u0119 poda\u0107 proponowany termin wizyty<\/label><textarea id=\"wpforms-29-field_14\" class=\"wpforms-field-medium\" name=\"wpforms[fields][14]\" aria-errormessage=\"wpforms-29-field_14-error\" ><\/textarea><\/div><div id=\"wpforms-29-field_16-container\" class=\"wpforms-field wpforms-field-select wpforms-field-select-style-classic\" data-field-id=\"16\"><label class=\"wpforms-field-label\" for=\"wpforms-29-field_16\">Preferowana godzina kontaktu telefonicznego<\/label><select id=\"wpforms-29-field_16\" class=\"wpforms-field-medium\" name=\"wpforms[fields][16]\"><option value=\"8:00 - 12:00\"  class=\"choice-1 depth-1\"  >8:00 &#8211; 12:00<\/option><option value=\"12:00 - 16:00\"  class=\"choice-2 depth-1\"  >12:00 &#8211; 16:00<\/option><option value=\"16:00 - 20:00\"  class=\"choice-3 depth-1\"  >16:00 &#8211; 20:00<\/option><option value=\"Dowolna\"  class=\"choice-4 depth-1\"  >Dowolna<\/option><\/select><\/div><\/div><!-- .wpforms-field-container --><div class=\"wpforms-submit-container\" ><input type=\"hidden\" name=\"wpforms[id]\" value=\"29\"><input type=\"hidden\" name=\"page_title\" value=\"\"><input type=\"hidden\" name=\"page_url\" value=\"https:\/\/brwiusta.pl\/index.php\/wp-json\/wp\/v2\/pages\/35\"><input type=\"hidden\" name=\"url_referer\" value=\"\"><button type=\"submit\" name=\"wpforms[submit]\" id=\"wpforms-submit-29\" class=\"wpforms-submit\" data-alt-text=\"Wysy\u0142am zapytanie.....\" data-submit-text=\"Zaplanuj wizyt\u0119\" aria-live=\"assertive\" value=\"wpforms-submit\">Zaplanuj wizyt\u0119<\/button><img loading=\"lazy\" decoding=\"async\" src=\"https:\/\/brwiusta.pl\/wp-content\/plugins\/wpforms-lite\/assets\/images\/submit-spin.svg\" class=\"wpforms-submit-spinner\" style=\"display: none;\" width=\"26\" height=\"26\" alt=\"Wczytywanie\"><\/div><\/form><\/div>  <!-- .wpforms-container -->\n\n\n<figure class=\"wp-block-image size-large\"><img loading=\"lazy\" decoding=\"async\" width=\"1024\" height=\"768\" src=\"https:\/\/brwiusta.pl\/wp-content\/uploads\/2024\/06\/image0-3-1024x768.jpeg\" alt=\"\" class=\"wp-image-71\" srcset=\"https:\/\/brwiusta.pl\/wp-content\/uploads\/2024\/06\/image0-3-1024x768.jpeg 1024w, https:\/\/brwiusta.pl\/wp-content\/uploads\/2024\/06\/image0-3-300x225.jpeg 300w, https:\/\/brwiusta.pl\/wp-content\/uploads\/2024\/06\/image0-3-768x576.jpeg 768w, https:\/\/brwiusta.pl\/wp-content\/uploads\/2024\/06\/image0-3-1536x1152.jpeg 1536w, https:\/\/brwiusta.pl\/wp-content\/uploads\/2024\/06\/image0-3-2048x1536.jpeg 2048w, https:\/\/brwiusta.pl\/wp-content\/uploads\/2024\/06\/image0-3-80x60.jpeg 80w, https:\/\/brwiusta.pl\/wp-content\/uploads\/2024\/06\/image0-3-640x480.jpeg 640w, https:\/\/brwiusta.pl\/wp-content\/uploads\/2024\/06\/image0-3-110x83.jpeg 110w\" sizes=\"auto, (max-width: 1024px) 100vw, 1024px\" \/><\/figure>\n","protected":false},"excerpt":{"rendered":"","protected":false},"author":1,"featured_media":0,"parent":0,"menu_order":0,"comment_status":"closed","ping_status":"closed","template":"","meta":{"footnotes":""},"class_list":["post-35","page","type-page","status-publish","hentry"],"_links":{"self":[{"href":"https:\/\/brwiusta.pl\/index.php\/wp-json\/wp\/v2\/pages\/35","targetHints":{"allow":["GET"]}}],"collection":[{"href":"https:\/\/brwiusta.pl\/index.php\/wp-json\/wp\/v2\/pages"}],"about":[{"href":"https:\/\/brwiusta.pl\/index.php\/wp-json\/wp\/v2\/types\/page"}],"author":[{"embeddable":true,"href":"https:\/\/brwiusta.pl\/index.php\/wp-json\/wp\/v2\/users\/1"}],"replies":[{"embeddable":true,"href":"https:\/\/brwiusta.pl\/index.php\/wp-json\/wp\/v2\/comments?post=35"}],"version-history":[{"count":3,"href":"https:\/\/brwiusta.pl\/index.php\/wp-json\/wp\/v2\/pages\/35\/revisions"}],"predecessor-version":[{"id":107,"href":"https:\/\/brwiusta.pl\/index.php\/wp-json\/wp\/v2\/pages\/35\/revisions\/107"}],"wp:attachment":[{"href":"https:\/\/brwiusta.pl\/index.php\/wp-json\/wp\/v2\/media?parent=35"}],"curies":[{"name":"wp","href":"https:\/\/api.w.org\/{rel}","templated":true}]}}