{"id":56,"date":"2024-06-08T06:11:49","date_gmt":"2024-06-08T06:11:49","guid":{"rendered":"https:\/\/brwiusta.pl\/?page_id=56"},"modified":"2024-06-30T22:38:18","modified_gmt":"2024-06-30T22:38:18","slug":"cennik","status":"publish","type":"page","link":"https:\/\/brwiusta.pl\/index.php\/cennik\/","title":{"rendered":"Cennik"},"content":{"rendered":"\n<h2 class=\"wp-block-heading\">Makija\u017c<\/h2>\n\n\n\n<figure class=\"wp-block-table is-style-stripes has-medium-font-size\"><table class=\"has-background\" style=\"background-color:#fde7e7\"><tbody><tr><td>makija\u017c okoliczno\u015bciowy<\/td><td class=\"has-text-align-right\" data-align=\"right\">130,00 z\u0142<\/td><\/tr><tr><td>makija\u017c \u015blubny<\/td><td class=\"has-text-align-right\" data-align=\"right\">160,00 z\u0142<\/td><\/tr><tr><td>makija\u017c \u015blubny pr\u00f3bny<\/td><td class=\"has-text-align-right\" data-align=\"right\">130,00 z\u0142<\/td><\/tr><\/tbody><\/table><\/figure>\n\n\n\n<h2 class=\"wp-block-heading\">Makija\u017c permanentny<\/h2>\n\n\n\n<figure class=\"wp-block-table is-style-stripes has-medium-font-size\"><table class=\"has-background\" style=\"background-color:#fde7e7\"><tbody><tr><td>makija\u017c permanentny brwi &#8211; z dopigmentowaniem<\/td><td class=\"has-text-align-right\" data-align=\"right\">700,00 z\u0142<\/td><\/tr><tr><td>makija\u017c permanentny ust \u2013 z dopigmentowaniem<\/td><td class=\"has-text-align-right\" data-align=\"right\">800,00 z\u0142<\/td><\/tr><tr><td>od\u015bwie\u017cenie makija\u017cu permanentnego brwi \/ ust<\/td><td class=\"has-text-align-right\" data-align=\"right\">300,00 z\u0142<\/td><\/tr><\/tbody><\/table><\/figure>\n\n\n\n<h2 class=\"wp-block-heading\">Brwi i rz\u0119sy<\/h2>\n\n\n\n<figure class=\"wp-block-table is-style-stripes has-medium-font-size\"><table class=\"has-background\" style=\"background-color:#fde7e7\"><tbody><tr><td>henna pudrowa brwi z regulacj\u0105<\/td><td class=\"has-text-align-right\" data-align=\"right\">70,00 z\u0142<\/td><\/tr><\/tbody><\/table><\/figure>\n","protected":false},"excerpt":{"rendered":"<p>Makija\u017c makija\u017c okoliczno\u015bciowy 130,00 z\u0142 makija\u017c \u015blubny 160,00 z\u0142 makija\u017c \u015blubny pr\u00f3bny 130,00 z\u0142 Makija\u017c permanentny makija\u017c permanentny brwi &#8211; z dopigmentowaniem 700,00 z\u0142 makija\u017c permanentny ust \u2013 z dopigmentowaniem &hellip; <\/p>\n","protected":false},"author":1,"featured_media":0,"parent":0,"menu_order":0,"comment_status":"closed","ping_status":"closed","template":"","meta":{"footnotes":""},"class_list":["post-56","page","type-page","status-publish","hentry"],"_links":{"self":[{"href":"https:\/\/brwiusta.pl\/index.php\/wp-json\/wp\/v2\/pages\/56","targetHints":{"allow":["GET"]}}],"collection":[{"href":"https:\/\/brwiusta.pl\/index.php\/wp-json\/wp\/v2\/pages"}],"about":[{"href":"https:\/\/brwiusta.pl\/index.php\/wp-json\/wp\/v2\/types\/page"}],"author":[{"embeddable":true,"href":"https:\/\/brwiusta.pl\/index.php\/wp-json\/wp\/v2\/users\/1"}],"replies":[{"embeddable":true,"href":"https:\/\/brwiusta.pl\/index.php\/wp-json\/wp\/v2\/comments?post=56"}],"version-history":[{"count":4,"href":"https:\/\/brwiusta.pl\/index.php\/wp-json\/wp\/v2\/pages\/56\/revisions"}],"predecessor-version":[{"id":212,"href":"https:\/\/brwiusta.pl\/index.php\/wp-json\/wp\/v2\/pages\/56\/revisions\/212"}],"wp:attachment":[{"href":"https:\/\/brwiusta.pl\/index.php\/wp-json\/wp\/v2\/media?parent=56"}],"curies":[{"name":"wp","href":"https:\/\/api.w.org\/{rel}","templated":true}]}}