{"id":99,"date":"2024-06-18T23:25:20","date_gmt":"2024-06-18T23:25:20","guid":{"rendered":"https:\/\/brwiusta.pl\/?page_id=99"},"modified":"2024-06-26T19:06:51","modified_gmt":"2024-06-26T19:06:51","slug":"podstawowe-informacje-o-makijazu-permanentnym","status":"publish","type":"page","link":"https:\/\/brwiusta.pl\/index.php\/podstawowe-informacje-o-makijazu-permanentnym\/","title":{"rendered":"Podstawowe informacje o makija\u017cu permanentnym"},"content":{"rendered":"\n<p>Makija\u017c permanentny brwi i ust to prawdziwa sztuka transformacji, kt\u00f3ra pozwala wydoby\u0107 naturalne pi\u0119kno i podkre\u015bli\u0107 indywidualne cechy ka\u017cdej osoby. Wyobra\u017a sobie subtelne poci\u0105gni\u0119cia p\u0119dzlem, kt\u00f3re na sta\u0142e wprowadzaj\u0105 harmoni\u0119 i perfekcj\u0119 na Twojej twarzy.<\/p>\n\n\n\n<p>Zaczynaj\u0105c od brwi, linergistka wykorzystuje mikropigmentacj\u0119, delikatnie wprowadzaj\u0105c barwnik w g\u00f3rne warstwy sk\u00f3ry. To proces, kt\u00f3ry wymaga precyzji, niczym artysta tworz\u0105cy drobne linie i kszta\u0142ty, aby odtworzy\u0107 naturalny wygl\u0105d w\u0142osk\u00f3w. Efekt jest zdumiewaj\u0105cy \u2013 brwi staj\u0105 si\u0119 bardziej wyraziste, pe\u0142niejsze, a jednocze\u015bnie zachowuj\u0105 sw\u00f3j naturalny wygl\u0105d. Ka\u017cde poci\u0105gni\u0119cie jest starannie zaplanowane, aby dopasowa\u0107 kszta\u0142t i kolor do twarzy, podkre\u015blaj\u0105c jej atuty i dodaj\u0105c symetrii.<\/p>\n\n\n\n<p>Przechodz\u0105c do ust, makija\u017c permanentny to jak malowanie na p\u0142\u00f3tnie, kt\u00f3re staje si\u0119 \u017cyw\u0105 sztuk\u0105. Barwnik wprowadzany jest w spos\u00f3b precyzyjny, tworz\u0105c idealnie zarysowane kontury oraz delikatne cieniowanie, kt\u00f3re nadaje obj\u0119to\u015b\u0107 i \u015bwie\u017co\u015b\u0107. Usta staj\u0105 si\u0119 bardziej pe\u0142ne, ich kolor zyskuje intensywno\u015b\u0107, ale jednocze\u015bnie wygl\u0105da naturalnie i subtelnie. To jakby zatrzyma\u0107 moment, w kt\u00f3rym usta s\u0105 idealnie pomalowane, a efekt ten trwa przez wiele lat.<\/p>\n\n\n\n<p>Makija\u017c permanentny brwi i ust to nie tylko kwestia estetyki, ale r\u00f3wnie\u017c wygody. Dzi\u0119ki niemu codzienny makija\u017c staje si\u0119 prostszy, a Ty mo\u017cesz cieszy\u0107 si\u0119 perfekcyjnym wygl\u0105dem bez wzgl\u0119du na okoliczno\u015bci. To jakby mie\u0107 osobistego wiza\u017cyst\u0119, kt\u00f3ry dba o Twoje pi\u0119kno przez ca\u0142\u0105 dob\u0119, ka\u017cdy dzie\u0144 tygodnia. To magia, kt\u00f3ra \u0142\u0105czy sztuk\u0119 i technologi\u0119, tworz\u0105c pi\u0119kno, kt\u00f3re trwa.<\/p>\n\n\n\n<h2 class=\"wp-block-heading\">Makija\u017c permanentny a tatua\u017c<\/h2>\n\n\n\n<div class=\"wp-block-group\"><div class=\"wp-block-group__inner-container is-layout-constrained wp-block-group-is-layout-constrained\">\n<h2 class=\"wp-block-heading has-medium-font-size\">Czy makija\u017c permanentny i tatua\u017c to jest to samo? Jakie s\u0105 r\u00f3\u017cnice mi\u0119dzy tymi zabiegami?<\/h2>\n\n\n\n<p>Makija\u017c permanentny i tatua\u017c maj\u0105 pewne podobie\u0144stwa, ale istniej\u0105 kluczowe r\u00f3\u017cnice mi\u0119dzy nimi i dlatego, poprawnie wykonany \u2013 w odpowiedniej \u2013 wierzchniej warstwie sk\u00f3ry.<\/p>\n\n\n\n<p><strong>MAKIJA\u017b PERMANENTNY NIE JEST TATUA\u017bEM!<\/strong><\/p>\n<\/div><\/div>\n\n\n\n<h3 class=\"wp-block-heading\">Makija\u017c Permanentny<\/h3>\n\n\n\n<p>&#8211; znany r\u00f3wnie\u017c jako mikropigmentacja, to zabieg kosmetyczny polegaj\u0105cy na wprowadzeniu pigmentu do nask\u00f3rka. Jest u\u017cywany do podkre\u015blenia brwi, linii rz\u0119s i ust. Od tatua\u017cu, odr\u00f3\u017cnia go, przede wszystkim:<\/p>\n\n\n\n<ul class=\"wp-block-list\">\n<li><strong>G\u0142\u0119boko\u015b\u0107 pigmentacji<\/strong> &#8211; pigment jest wprowadzany p\u0142ytko, do warstwy nask\u00f3rka.<\/li>\n\n\n\n<li><strong>Trwa\u0142o\u015b\u0107.<\/strong> <strong>Makija\u017c permanentny jest p\u00f3\u0142trwa\u0142y.<\/strong> Efekt mo\u017ce utrzymywa\u0107 si\u0119 od kilku miesi\u0119cy do kilku lat, w zale\u017cno\u015bci od typu sk\u00f3ry, techniki wykonania oraz u\u017cytych pigment\u00f3w. Zazwyczaj, powinno si\u0119 go od\u015bwie\u017ca\u0107 co roku \/ co p\u00f3\u0142tora roku -do dw\u00f3ch lat od wykonania pierwszej pigmentacji.<\/li>\n\n\n\n<li><strong>Pigmenty: <\/strong>U\u017cywane s\u0105 pigmenty kosmetyczne, kt\u00f3re mog\u0105 z czasem blakn\u0105\u0107 i zmienia\u0107 kolor.<\/li>\n<\/ul>\n\n\n\n<p>Celem mikropigmentacji jest uzyskanie naturalnie wygl\u0105daj\u0105cego efektu, kt\u00f3ry podkre\u015bla rysy twarzy.<\/p>\n\n\n\n<h3 class=\"wp-block-heading\">Tatua\u017c<\/h3>\n\n\n\n<p> &#8211; to zabieg artystyczny, w kt\u00f3rym pigment jest wprowadzany do g\u0142\u0119bszych warstw sk\u00f3ry.<\/p>\n\n\n\n<ul class=\"wp-block-list\">\n<li><strong>G\u0142\u0119boko\u015b\u0107:<\/strong> Pigment jest wprowadzany g\u0142\u0119boko, do sk\u00f3ry w\u0142a\u015bciwej.<\/li>\n\n\n\n<li><strong>Trwa\u0142o\u015b\u0107: <\/strong>Tatua\u017c jest trwa\u0142y i pozostaje na sk\u00f3rze przez ca\u0142e \u017cycie. Mo\u017ce blakn\u0105\u0107, ale zazwyczaj wymaga usuni\u0119cia laserowego, aby ca\u0142kowicie znikn\u0105\u0107.<\/li>\n\n\n\n<li><strong>Pigmenty: <\/strong>U\u017cywane s\u0105 tusze tatua\u017cowe, kt\u00f3re s\u0105 bardziej trwa\u0142e. Tatua\u017ce s\u0105 wykonywane g\u0142\u00f3wnie dla cel\u00f3w artystycznych, aby tworzy\u0107 obrazy, wzory lub napisy na sk\u00f3rze.<\/li>\n<\/ul>\n\n\n\n<p>Makija\u017c permanentny ma na celu poprawienie naturalnego wygl\u0105du i dzi\u0119ki odpowiedniej \u2013 lekkiej pracy, pozostanie na sk\u00f3rze przez kilka lat, a z czasem (gdy nie b\u0119dzie od\u015bwie\u017cany), zupe\u0142nie zniknie, podczas gdy tatua\u017c pozostanie trwale na sk\u00f3rze.<\/p>\n\n\n\n<h3 class=\"wp-block-heading\">DLA KOGO PRZEZNACZONY JEST MAKIJA\u017b PERMANENTNY?<\/h3>\n\n\n\n<p>Makija\u017c permanentny brwi i ust, opr\u00f3cz walor\u00f3w estetycznych, przynosi szereg<br>korzy\u015bci, jego posiadaczkom. Przede wszystkim zapewnia oszcz\u0119dno\u015b\u0107 czasu,<br>\u015bwie\u017co\u015b\u0107 i trwa\u0142o\u015b\u0107. Przeznaczony jest dla os\u00f3b, kt\u00f3re pragn\u0105 poprawi\u0107 sw\u00f3j<br>wygl\u0105d i u\u0142atwi\u0107 codzienn\u0105 rutyn\u0119 kosmetyczn\u0105. B\u0119dzie idealny i pomocny dla:<\/p>\n\n\n\n<ol class=\"wp-block-list\">\n<li>Os\u00f3b, kt\u00f3re chc\u0105 skorygowa\u0107 mankamenty swojej urody<br>zwi\u0105zanych, np. z asymetri\u0105 twarzy, czy zanikiem czerwieni wargowej.<\/li>\n\n\n\n<li>Os\u00f3b prowadz\u0105cych aktywny tryb \u017cycia: Sportowcy, osoby cz\u0119sto<br>korzystaj\u0105ce z si\u0142owni czy basenu mog\u0105 doceni\u0107 trwa\u0142o\u015b\u0107 makija\u017cu<br>permanentnego, kt\u00f3ry pozostaje nienaruszony mimo intensywnej<br>aktywno\u015bci fizycznej.<\/li>\n\n\n\n<li>Os\u00f3b z rzadkimi lub nier\u00f3wnymi brwiami: Makija\u017c permanentny<br>pozwala na uzupe\u0142nienie brak\u00f3w w brwiach, nadanie im odpowiedniego<br>kszta\u0142tu i koloru, co jest idealne dla os\u00f3b, kt\u00f3re maj\u0105 naturalnie rzadkie<br>lub nier\u00f3wne brwi, a tak\u017ce przy zupe\u0142nym ich zaniku.<\/li>\n\n\n\n<li>Os\u00f3b o bladej lub asymetrycznej czerwieni wargowej: Dzi\u0119ki<br>makija\u017cowi permanentnemu mo\u017cna wyr\u00f3wna\u0107 kontur ust, nada\u0107 im<br>pe\u0142niejszy wygl\u0105d oraz bardziej wyrazisty kolor, co jest szczeg\u00f3lnie<br>korzystne dla os\u00f3b o bladej lub asymetrycznej czerwieni wargowej.<\/li>\n\n\n\n<li>Os\u00f3b chc\u0105cych zaoszcz\u0119dzi\u0107 czas na codziennym makija\u017cu:<br>Makija\u017c permanentny eliminuje konieczno\u015b\u0107 codziennego malowania<br>brwi i ust, co jest idealne dla os\u00f3b z intensywnym harmonogramem, kt\u00f3re<br>chc\u0105 wygl\u0105da\u0107 dobrze bez po\u015bwi\u0119cania czasu na makija\u017c.<\/li>\n\n\n\n<li>Os\u00f3b z alergiami na kosmetyki: Niekt\u00f3re osoby mog\u0105 by\u0107 uczulone<br>na tradycyjne kosmetyki do makija\u017cu. Makija\u017c permanentny, wykonywany<br>przy u\u017cyciu hipoalergicznych pigment\u00f3w, mo\u017ce by\u0107 bezpieczn\u0105<br>alternatyw\u0105.<\/li>\n\n\n\n<li>Os\u00f3b po zabiegach medycznych: Osoby, kt\u00f3re przesz\u0142y<br>chemioterapi\u0119, operacje plastyczne lub inne zabiegi medyczne mog\u0105<br>skorzysta\u0107 z makija\u017cu permanentnego, aby przywr\u00f3ci\u0107 naturalny wygl\u0105d<br>brwi i ust (w tym przypadku wymagana jest pisemna zgoda od lekarza).<\/li>\n\n\n\n<li>Os\u00f3b z problemami motorycznymi: Makija\u017c permanentny jest<br>r\u00f3wnie\u017c idealny dla os\u00f3b, kt\u00f3re maj\u0105 trudno\u015bci z precyzyjnym<br>nak\u0142adaniem makija\u017cu z powodu dr\u017cenia r\u0105k, problem\u00f3w ze wzrokiem<br>czy innych problem\u00f3w motorycznych.<\/li>\n\n\n\n<li>Os\u00f3b dbaj\u0105cych o wygl\u0105d w ka\u017cdych warunkach: Makija\u017c<br>permanentny jest \u015bwietnym rozwi\u0105zaniem dla os\u00f3b, kt\u00f3re chc\u0105 wygl\u0105da\u0107<br>dobrze przez ca\u0142\u0105 dob\u0119, niezale\u017cnie od okoliczno\u015bci, takich jak podr\u00f3\u017ce,<br>upa\u0142y czy wilgotne warunki.<br><\/li>\n<\/ol>\n\n\n\n<p>Ka\u017cda z tych grup mo\u017ce znale\u017a\u0107 w makija\u017cu permanentnym odpowied\u017a<br>na swoje potrzeby estetyczne i praktyczne.<\/p>\n","protected":false},"excerpt":{"rendered":"<p>Makija\u017c permanentny brwi i ust to prawdziwa sztuka transformacji, kt\u00f3ra pozwala wydoby\u0107 naturalne pi\u0119kno i podkre\u015bli\u0107 indywidualne cechy ka\u017cdej osoby. Wyobra\u017a sobie subtelne poci\u0105gni\u0119cia p\u0119dzlem, kt\u00f3re na sta\u0142e wprowadzaj\u0105 harmoni\u0119 &hellip; <\/p>\n","protected":false},"author":1,"featured_media":0,"parent":0,"menu_order":0,"comment_status":"closed","ping_status":"closed","template":"","meta":{"footnotes":""},"class_list":["post-99","page","type-page","status-publish","hentry"],"_links":{"self":[{"href":"https:\/\/brwiusta.pl\/index.php\/wp-json\/wp\/v2\/pages\/99","targetHints":{"allow":["GET"]}}],"collection":[{"href":"https:\/\/brwiusta.pl\/index.php\/wp-json\/wp\/v2\/pages"}],"about":[{"href":"https:\/\/brwiusta.pl\/index.php\/wp-json\/wp\/v2\/types\/page"}],"author":[{"embeddable":true,"href":"https:\/\/brwiusta.pl\/index.php\/wp-json\/wp\/v2\/users\/1"}],"replies":[{"embeddable":true,"href":"https:\/\/brwiusta.pl\/index.php\/wp-json\/wp\/v2\/comments?post=99"}],"version-history":[{"count":5,"href":"https:\/\/brwiusta.pl\/index.php\/wp-json\/wp\/v2\/pages\/99\/revisions"}],"predecessor-version":[{"id":125,"href":"https:\/\/brwiusta.pl\/index.php\/wp-json\/wp\/v2\/pages\/99\/revisions\/125"}],"wp:attachment":[{"href":"https:\/\/brwiusta.pl\/index.php\/wp-json\/wp\/v2\/media?parent=99"}],"curies":[{"name":"wp","href":"https:\/\/api.w.org\/{rel}","templated":true}]}}